{"id":688,"date":"2023-06-02T10:00:52","date_gmt":"2023-06-02T08:00:52","guid":{"rendered":"https:\/\/www.fivalsrl.com\/rivendita-valvole-forgiate-e-fuse\/"},"modified":"2023-06-02T10:00:53","modified_gmt":"2023-06-02T08:00:53","slug":"rivendita-valvole-forgiate-e-fuse","status":"publish","type":"page","link":"https:\/\/www.fivalsrl.com\/en\/rivendita-valvole-forgiate-e-fuse\/","title":{"rendered":"Rivendita valvole forgiate e fuse"},"content":{"rendered":"<p>[et_pb_section fb_built=&#8221;1&#8243; _builder_version=&#8221;4.20.4&#8243; _module_preset=&#8221;default&#8221; background_color=&#8221;rgba(255,255,255,0.61)&#8221; background_image=&#8221;https:\/\/www.fivalsrl.com\/wp-content\/uploads\/2023\/04\/ADT0760.jpg&#8221; background_blend=&#8221;overlay&#8221; global_colors_info=&#8221;{}&#8221;][et_pb_row _builder_version=&#8221;4.20.4&#8243; _module_preset=&#8221;default&#8221; global_colors_info=&#8221;{}&#8221;][et_pb_column type=&#8221;4_4&#8243; _builder_version=&#8221;4.20.4&#8243; _module_preset=&#8221;default&#8221; global_colors_info=&#8221;{}&#8221;][et_pb_post_title meta=&#8221;off&#8221; featured_image=&#8221;off&#8221; _builder_version=&#8221;4.20.4&#8243; _module_preset=&#8221;default&#8221; title_font=&#8221;Barlow|||on|||||&#8221; title_text_align=&#8221;center&#8221; title_text_color=&#8221;#A00F0F&#8221; title_font_size=&#8221;50px&#8221; title_font_size_tablet=&#8221;40px&#8221; title_font_size_phone=&#8221;30px&#8221; title_font_size_last_edited=&#8221;on|phone&#8221; global_colors_info=&#8221;{}&#8221;][\/et_pb_post_title][\/et_pb_column][\/et_pb_row][\/et_pb_section][et_pb_section fb_built=&#8221;1&#8243; _builder_version=&#8221;4.20.4&#8243; _module_preset=&#8221;default&#8221; background_color=&#8221;#f4f4f4&#8243; global_colors_info=&#8221;{}&#8221;][et_pb_row use_custom_gutter=&#8221;on&#8221; gutter_width=&#8221;2&#8243; make_equal=&#8221;on&#8221; custom_padding_last_edited=&#8221;on|phone&#8221; _builder_version=&#8221;4.20.4&#8243; _module_preset=&#8221;default&#8221; background_color=&#8221;#FFFFFF&#8221; transform_translate_linked=&#8221;off&#8221; max_width=&#8221;80%&#8221; custom_margin=&#8221;-98px|auto||auto|false|false&#8221; custom_padding=&#8221;50px|30px|0px|30px|false|true&#8221; custom_padding_tablet=&#8221;|30px||30px|true|true&#8221; custom_padding_phone=&#8221;|20px||20px|true|true&#8221; locked=&#8221;off&#8221; global_colors_info=&#8221;{}&#8221;][et_pb_column type=&#8221;4_4&#8243; _builder_version=&#8221;4.20.4&#8243; _module_preset=&#8221;default&#8221; global_colors_info=&#8221;{}&#8221;][et_pb_blurb title=&#8221;Fival S.r.l.&#8221; content_max_width=&#8221;100%&#8221; _builder_version=&#8221;4.20.4&#8243; _module_preset=&#8221;default&#8221; header_level=&#8221;h3&#8243; header_font=&#8221;Barlow|500||on|||||&#8221; header_text_align=&#8221;left&#8221; header_text_color=&#8221;#A00F0F&#8221; header_font_size=&#8221;18px&#8221; header_letter_spacing=&#8221;2px&#8221; body_font=&#8221;Barlow|500|||||||&#8221; body_text_align=&#8221;left&#8221; body_text_color=&#8221;#2E2E2E&#8221; body_font_size=&#8221;50px&#8221; body_letter_spacing=&#8221;2px&#8221; body_line_height=&#8221;1em&#8221; module_alignment=&#8221;left&#8221; custom_margin=&#8221;43px||26px||false|false&#8221; hover_enabled=&#8221;0&#8243; locked=&#8221;off&#8221; global_colors_info=&#8221;{}&#8221; sticky_enabled=&#8221;0&#8243;]Rivendita valvole forgiate e fuse<br \/>\n[\/et_pb_blurb][et_pb_text _builder_version=&#8221;4.20.4&#8243; _module_preset=&#8221;default&#8221; text_font=&#8221;Barlow||||||||&#8221; text_text_color=&#8221;#2E2E2E&#8221; text_font_size=&#8221;16px&#8221; hover_enabled=&#8221;0&#8243; global_colors_info=&#8221;{}&#8221; sticky_enabled=&#8221;0&#8243;]Le valvole forgiate si differenziano da quelle fuse in quanto superiori per qualit\u00e0 e sicurezza.<\/p>\n<p>Tali valvole sono particolarmente adatte negli impieghi in cui \u00e8 necessario un profilo di tenuta ad alte pressioni e ad alte temperature, sia con passaggio totale che con passaggio ridotto.<\/p>\n<p>Grazie all\u2019 esperienza FIVAL S.R.L. \u00e8 in grado di fornire con tempestivit\u00e0 e con assoluta garanzia valvole forgiate per tutti i settori dell\u2019industria, corredate di certificazione che ne attesti la qualit\u00e0.<\/p>\n<p>Visita il nostro sito per scoprire tutti i nostri prodotti. Non esitare a contattarci per avere maggiori informazioni.<\/p>\n<p>Grazie alla nostra esperienza siamo in grado di operare in un ampio mercato, diversificato in molti settori industriali, per i quali siamo in grado di soddisfare le molteplici ed articolate richieste.<\/p>\n<p>L\u2019impegno \u00e8 dunque rivolto ad una pluralit\u00e0 di realt\u00e0 tecniche in costante evoluzione che richiedono sempre maggiori prestazioni e dunque un costante aggiornamento.[\/et_pb_text][\/et_pb_column][\/et_pb_row][et_pb_row use_custom_gutter=&#8221;on&#8221; gutter_width=&#8221;2&#8243; make_equal=&#8221;on&#8221; custom_padding_last_edited=&#8221;on|phone&#8221; _builder_version=&#8221;4.20.4&#8243; _module_preset=&#8221;default&#8221; background_color=&#8221;#FFFFFF&#8221; transform_translate_linked=&#8221;off&#8221; max_width=&#8221;80%&#8221; custom_margin=&#8221;0px|auto||auto|false|false&#8221; custom_padding=&#8221;0px|30px|0px|30px|false|true&#8221; custom_padding_tablet=&#8221;|30px||30px|true|true&#8221; custom_padding_phone=&#8221;|20px||20px|true|true&#8221; global_colors_info=&#8221;{}&#8221;][et_pb_column type=&#8221;4_4&#8243; _builder_version=&#8221;4.20.4&#8243; _module_preset=&#8221;default&#8221; global_colors_info=&#8221;{}&#8221;][et_pb_blurb content_max_width=&#8221;100%&#8221; _builder_version=&#8221;4.20.4&#8243; _module_preset=&#8221;default&#8221; header_level=&#8221;h3&#8243; header_font=&#8221;Barlow|500||on|||||&#8221; header_text_align=&#8221;left&#8221; header_text_color=&#8221;#A00F0F&#8221; header_font_size=&#8221;18px&#8221; header_letter_spacing=&#8221;2px&#8221; body_font=&#8221;Barlow|500|||||||&#8221; body_text_align=&#8221;left&#8221; body_text_color=&#8221;#2E2E2E&#8221; body_font_size=&#8221;50px&#8221; body_letter_spacing=&#8221;2px&#8221; body_line_height=&#8221;1em&#8221; module_alignment=&#8221;left&#8221; custom_margin=&#8221;43px||26px||false|false&#8221; hover_enabled=&#8221;0&#8243; locked=&#8221;off&#8221; global_colors_info=&#8221;{}&#8221; sticky_enabled=&#8221;0&#8243;]Rivendita valvole<br \/>\n[\/et_pb_blurb][et_pb_text _builder_version=&#8221;4.20.4&#8243; _module_preset=&#8221;default&#8221; text_font=&#8221;Barlow||||||||&#8221; text_text_color=&#8221;#2E2E2E&#8221; text_font_size=&#8221;16px&#8221; custom_margin=&#8221;24px|||||&#8221; custom_padding=&#8221;||26px|||&#8221; hover_enabled=&#8221;0&#8243; locked=&#8221;off&#8221; global_colors_info=&#8221;{}&#8221; sticky_enabled=&#8221;0&#8243;]Una valvola \u00e8 un componente basilare all\u2019interno di un meccanismo pi\u00f9 complesso di tubature e consente al liquido contenuto, posto sotto pressione, di scorrere o meno per poi fuoriuscire e arrivare a destinazione.<\/p>\n<p>Un\u2019elettrovalvola del suddetto meccanismo viene attivata da un sistema automatico e meccanico, in grado di regolare l\u2019erogazione ed il passaggio dei liquidi o delle sostanze gassose.<\/p>\n<p>Sono da sempre componenti fondamentali per l\u2019intercettazione e la gestione dei fluidi. Il nostro programma di vendita comprende una vasta gamma di tipologie e modelli per ogni esigenza di processo. Larga disponibilit\u00e0 a stock di valvole fuse e forgiate.<\/p>\n<p>Visita il nostro sito per conoscere tutti i nostri prodotti. Non esitare a contattarci per avere maggiori informazioni sui nostri servizi o per dei preventivi.[\/et_pb_text][\/et_pb_column][\/et_pb_row][\/et_pb_section]<\/p>\n","protected":false},"excerpt":{"rendered":"<p>Rivendita valvole forgiate e fuse Le valvole forgiate si differenziano da quelle fuse in quanto superiori per qualit\u00e0 e sicurezza. Tali valvole sono particolarmente adatte negli impieghi in cui \u00e8 necessario un profilo di tenuta ad alte pressioni e ad alte temperature, sia con passaggio totale che con passaggio ridotto. Grazie all\u2019 esperienza FIVAL S.R.L. [&hellip;]<\/p>\n","protected":false},"author":1,"featured_media":0,"parent":0,"menu_order":0,"comment_status":"closed","ping_status":"closed","template":"","meta":{"_et_pb_use_builder":"on","_et_pb_old_content":"","_et_gb_content_width":"","ngg_post_thumbnail":0},"yoast_head":"<!-- This site is optimized with the Yoast SEO plugin v18.2 - https:\/\/yoast.com\/wordpress\/plugins\/seo\/ -->\n<title>Rivendita valvole forgiate e fuse | Fival Srl<\/title>\n<meta name=\"description\" content=\"Azienda | Fival Srl\" \/>\n<meta name=\"robots\" content=\"index, follow, max-snippet:-1, max-image-preview:large, max-video-preview:-1\" \/>\n<link rel=\"canonical\" href=\"https:\/\/www.fivalsrl.com\/en\/rivendita-valvole-forgiate-e-fuse\/\" \/>\n<meta property=\"og:locale\" content=\"en_US\" \/>\n<meta property=\"og:type\" content=\"article\" \/>\n<meta property=\"og:title\" content=\"Rivendita valvole forgiate e fuse | Fival Srl\" \/>\n<meta property=\"og:description\" content=\"Azienda | Fival Srl\" \/>\n<meta property=\"og:url\" content=\"https:\/\/www.fivalsrl.com\/en\/rivendita-valvole-forgiate-e-fuse\/\" \/>\n<meta property=\"og:site_name\" content=\"Fival Srl\" \/>\n<meta property=\"article:modified_time\" content=\"2023-06-02T08:00:53+00:00\" \/>\n<meta property=\"og:image\" content=\"https:\/\/www.fivalsrl.com\/wp-content\/uploads\/2023\/04\/ADT0760.jpg\" \/>\n\t<meta property=\"og:image:width\" content=\"1500\" \/>\n\t<meta property=\"og:image:height\" content=\"1000\" \/>\n\t<meta property=\"og:image:type\" content=\"image\/jpeg\" \/>\n<meta name=\"twitter:card\" content=\"summary_large_image\" \/>\n<meta name=\"twitter:label1\" content=\"Est. reading time\" \/>\n\t<meta name=\"twitter:data1\" content=\"4 minutes\" \/>\n<script type=\"application\/ld+json\" class=\"yoast-schema-graph\">{\"@context\":\"https:\/\/schema.org\",\"@graph\":[{\"@type\":\"Organization\",\"@id\":\"https:\/\/www.fivalsrl.com\/en\/#organization\",\"name\":\"Fival S.r.l.\",\"url\":\"https:\/\/www.fivalsrl.com\/en\/\",\"sameAs\":[],\"logo\":{\"@type\":\"ImageObject\",\"@id\":\"https:\/\/www.fivalsrl.com\/en\/#logo\",\"inLanguage\":\"en-US\",\"url\":\"https:\/\/www.fivalsrl.com\/wp-content\/uploads\/2023\/04\/Logo-OK.png\",\"contentUrl\":\"https:\/\/www.fivalsrl.com\/wp-content\/uploads\/2023\/04\/Logo-OK.png\",\"width\":280,\"height\":56,\"caption\":\"Fival S.r.l.\"},\"image\":{\"@id\":\"https:\/\/www.fivalsrl.com\/en\/#logo\"}},{\"@type\":\"WebSite\",\"@id\":\"https:\/\/www.fivalsrl.com\/en\/#website\",\"url\":\"https:\/\/www.fivalsrl.com\/en\/\",\"name\":\"Fival Srl\",\"description\":\"Filtri, Valvole e Prodotti per l&#039;industria\",\"publisher\":{\"@id\":\"https:\/\/www.fivalsrl.com\/en\/#organization\"},\"potentialAction\":[{\"@type\":\"SearchAction\",\"target\":{\"@type\":\"EntryPoint\",\"urlTemplate\":\"https:\/\/www.fivalsrl.com\/en\/?s={search_term_string}\"},\"query-input\":\"required name=search_term_string\"}],\"inLanguage\":\"en-US\"},{\"@type\":\"WebPage\",\"@id\":\"https:\/\/www.fivalsrl.com\/en\/rivendita-valvole-forgiate-e-fuse\/#webpage\",\"url\":\"https:\/\/www.fivalsrl.com\/en\/rivendita-valvole-forgiate-e-fuse\/\",\"name\":\"Rivendita valvole forgiate e fuse | Fival Srl\",\"isPartOf\":{\"@id\":\"https:\/\/www.fivalsrl.com\/en\/#website\"},\"datePublished\":\"2023-06-02T08:00:52+00:00\",\"dateModified\":\"2023-06-02T08:00:53+00:00\",\"description\":\"Azienda | Fival Srl\",\"breadcrumb\":{\"@id\":\"https:\/\/www.fivalsrl.com\/en\/rivendita-valvole-forgiate-e-fuse\/#breadcrumb\"},\"inLanguage\":\"en-US\",\"potentialAction\":[{\"@type\":\"ReadAction\",\"target\":[\"https:\/\/www.fivalsrl.com\/en\/rivendita-valvole-forgiate-e-fuse\/\"]}]},{\"@type\":\"BreadcrumbList\",\"@id\":\"https:\/\/www.fivalsrl.com\/en\/rivendita-valvole-forgiate-e-fuse\/#breadcrumb\",\"itemListElement\":[{\"@type\":\"ListItem\",\"position\":1,\"name\":\"Home\",\"item\":\"https:\/\/www.fivalsrl.com\/en\/\"},{\"@type\":\"ListItem\",\"position\":2,\"name\":\"Rivendita valvole forgiate e fuse\"}]}]}<\/script>\n<!-- \/ Yoast SEO plugin. -->","yoast_head_json":{"title":"Rivendita valvole forgiate e fuse | Fival Srl","description":"Azienda | Fival Srl","robots":{"index":"index","follow":"follow","max-snippet":"max-snippet:-1","max-image-preview":"max-image-preview:large","max-video-preview":"max-video-preview:-1"},"canonical":"https:\/\/www.fivalsrl.com\/en\/rivendita-valvole-forgiate-e-fuse\/","og_locale":"en_US","og_type":"article","og_title":"Rivendita valvole forgiate e fuse | Fival Srl","og_description":"Azienda | Fival Srl","og_url":"https:\/\/www.fivalsrl.com\/en\/rivendita-valvole-forgiate-e-fuse\/","og_site_name":"Fival Srl","article_modified_time":"2023-06-02T08:00:53+00:00","og_image":[{"width":1500,"height":1000,"url":"https:\/\/www.fivalsrl.com\/wp-content\/uploads\/2023\/04\/ADT0760.jpg","type":"image\/jpeg"}],"twitter_card":"summary_large_image","twitter_misc":{"Est. reading time":"4 minutes"},"schema":{"@context":"https:\/\/schema.org","@graph":[{"@type":"Organization","@id":"https:\/\/www.fivalsrl.com\/en\/#organization","name":"Fival S.r.l.","url":"https:\/\/www.fivalsrl.com\/en\/","sameAs":[],"logo":{"@type":"ImageObject","@id":"https:\/\/www.fivalsrl.com\/en\/#logo","inLanguage":"en-US","url":"https:\/\/www.fivalsrl.com\/wp-content\/uploads\/2023\/04\/Logo-OK.png","contentUrl":"https:\/\/www.fivalsrl.com\/wp-content\/uploads\/2023\/04\/Logo-OK.png","width":280,"height":56,"caption":"Fival S.r.l."},"image":{"@id":"https:\/\/www.fivalsrl.com\/en\/#logo"}},{"@type":"WebSite","@id":"https:\/\/www.fivalsrl.com\/en\/#website","url":"https:\/\/www.fivalsrl.com\/en\/","name":"Fival Srl","description":"Filtri, Valvole e Prodotti per l&#039;industria","publisher":{"@id":"https:\/\/www.fivalsrl.com\/en\/#organization"},"potentialAction":[{"@type":"SearchAction","target":{"@type":"EntryPoint","urlTemplate":"https:\/\/www.fivalsrl.com\/en\/?s={search_term_string}"},"query-input":"required name=search_term_string"}],"inLanguage":"en-US"},{"@type":"WebPage","@id":"https:\/\/www.fivalsrl.com\/en\/rivendita-valvole-forgiate-e-fuse\/#webpage","url":"https:\/\/www.fivalsrl.com\/en\/rivendita-valvole-forgiate-e-fuse\/","name":"Rivendita valvole forgiate e fuse | Fival Srl","isPartOf":{"@id":"https:\/\/www.fivalsrl.com\/en\/#website"},"datePublished":"2023-06-02T08:00:52+00:00","dateModified":"2023-06-02T08:00:53+00:00","description":"Azienda | Fival Srl","breadcrumb":{"@id":"https:\/\/www.fivalsrl.com\/en\/rivendita-valvole-forgiate-e-fuse\/#breadcrumb"},"inLanguage":"en-US","potentialAction":[{"@type":"ReadAction","target":["https:\/\/www.fivalsrl.com\/en\/rivendita-valvole-forgiate-e-fuse\/"]}]},{"@type":"BreadcrumbList","@id":"https:\/\/www.fivalsrl.com\/en\/rivendita-valvole-forgiate-e-fuse\/#breadcrumb","itemListElement":[{"@type":"ListItem","position":1,"name":"Home","item":"https:\/\/www.fivalsrl.com\/en\/"},{"@type":"ListItem","position":2,"name":"Rivendita valvole forgiate e fuse"}]}]}},"_links":{"self":[{"href":"https:\/\/www.fivalsrl.com\/en\/wp-json\/wp\/v2\/pages\/688"}],"collection":[{"href":"https:\/\/www.fivalsrl.com\/en\/wp-json\/wp\/v2\/pages"}],"about":[{"href":"https:\/\/www.fivalsrl.com\/en\/wp-json\/wp\/v2\/types\/page"}],"author":[{"embeddable":true,"href":"https:\/\/www.fivalsrl.com\/en\/wp-json\/wp\/v2\/users\/1"}],"replies":[{"embeddable":true,"href":"https:\/\/www.fivalsrl.com\/en\/wp-json\/wp\/v2\/comments?post=688"}],"version-history":[{"count":2,"href":"https:\/\/www.fivalsrl.com\/en\/wp-json\/wp\/v2\/pages\/688\/revisions"}],"predecessor-version":[{"id":690,"href":"https:\/\/www.fivalsrl.com\/en\/wp-json\/wp\/v2\/pages\/688\/revisions\/690"}],"wp:attachment":[{"href":"https:\/\/www.fivalsrl.com\/en\/wp-json\/wp\/v2\/media?parent=688"}],"curies":[{"name":"wp","href":"https:\/\/api.w.org\/{rel}","templated":true}]}}